{"id":6,"date":"2011-06-27T16:32:06","date_gmt":"2011-06-27T16:32:06","guid":{"rendered":"http:\/\/wp.orsakvarn.se\/index.php\/ovriga-varor\/"},"modified":"2018-05-28T16:09:42","modified_gmt":"2018-05-28T16:09:42","slug":"ovriga-varor","status":"publish","type":"page","link":"https:\/\/orsakvarn.se\/index.php\/ovriga-varor\/","title":{"rendered":"\u00d6vriga varor"},"content":{"rendered":"<p>Prova oss, vi\u00a0saluf\u00f6r det mesta ett mindre jordbruk eller du som tr\u00e4dg\u00e5rdsm\u00e4stare kan beh\u00f6va. Allt fr\u00e5n uts\u00e4de, fr\u00f6er\u00a0\u00e4nda till handverktyg och sm\u00e5maskiner.\u00a0Har du\u00a0h\u00e4star, hundar eller katter tror vi du k\u00e4nner dig hemma hos oss.<\/p>\n<table border=\"0\" cellspacing=\"10\">\n<tbody>\n<tr>\n<td valign=\"top\">\n<p><figure id=\"attachment_23\" aria-describedby=\"caption-attachment-23\" style=\"width: 300px\" class=\"wp-caption aligncenter\"><img loading=\"lazy\" class=\"size-full wp-image-23\" src=\"https:\/\/orsakvarn.se\/wp-content\/uploads\/2018\/04\/froer1.jpg\" alt=\"\" width=\"300\" height=\"320\" srcset=\"https:\/\/orsakvarn.se\/wp-content\/uploads\/2018\/04\/froer1.jpg 300w, https:\/\/orsakvarn.se\/wp-content\/uploads\/2018\/04\/froer1-281x300.jpg 281w\" sizes=\"(max-width: 300px) 100vw, 300px\" \/><figcaption id=\"caption-attachment-23\" class=\"wp-caption-text\">Fr\u00f6er av alla de sorter<\/figcaption><\/figure><\/td>\n<td>\n<p><figure id=\"attachment_24\" aria-describedby=\"caption-attachment-24\" style=\"width: 300px\" class=\"wp-caption aligncenter\"><img loading=\"lazy\" class=\"size-full wp-image-24\" src=\"https:\/\/orsakvarn.se\/wp-content\/uploads\/2018\/04\/redskap1.jpg\" alt=\"\" width=\"300\" height=\"400\" srcset=\"https:\/\/orsakvarn.se\/wp-content\/uploads\/2018\/04\/redskap1.jpg 300w, https:\/\/orsakvarn.se\/wp-content\/uploads\/2018\/04\/redskap1-225x300.jpg 225w\" sizes=\"(max-width: 300px) 100vw, 300px\" \/><figcaption id=\"caption-attachment-24\" class=\"wp-caption-text\">Kvalitetsredskap<\/figcaption><\/figure><\/td>\n<\/tr>\n<tr>\n<td>\n<p><figure id=\"attachment_25\" aria-describedby=\"caption-attachment-25\" style=\"width: 300px\" class=\"wp-caption aligncenter\"><img loading=\"lazy\" class=\"size-full wp-image-25\" src=\"https:\/\/orsakvarn.se\/wp-content\/uploads\/2018\/04\/mjolsackar1.jpg\" alt=\"\" width=\"300\" height=\"269\" \/><figcaption id=\"caption-attachment-25\" class=\"wp-caption-text\">Mj\u00f6l i stora som sm\u00e5 f\u00f6rpackningar!<\/figcaption><\/figure><\/td>\n<td>\n<p><figure id=\"attachment_26\" aria-describedby=\"caption-attachment-26\" style=\"width: 300px\" class=\"wp-caption aligncenter\"><img loading=\"lazy\" class=\"size-full wp-image-26\" src=\"https:\/\/orsakvarn.se\/wp-content\/uploads\/2018\/04\/stangsel_mer1.jpg\" alt=\"\" width=\"300\" height=\"222\" \/><figcaption id=\"caption-attachment-26\" class=\"wp-caption-text\">St\u00e4ngsel och tillbeh\u00f6r<\/figcaption><\/figure><\/td>\n<\/tr>\n<tr>\n<td>\n<p><figure id=\"attachment_27\" aria-describedby=\"caption-attachment-27\" style=\"width: 300px\" class=\"wp-caption aligncenter\"><img loading=\"lazy\" class=\"size-full wp-image-27\" src=\"https:\/\/orsakvarn.se\/wp-content\/uploads\/2018\/04\/tommar1.jpg\" alt=\"\" width=\"300\" height=\"221\" \/><figcaption id=\"caption-attachment-27\" class=\"wp-caption-text\">T\u00f6mmar &amp; betsel<\/figcaption><\/figure><\/td>\n<td>\n<p><figure id=\"attachment_28\" aria-describedby=\"caption-attachment-28\" style=\"width: 300px\" class=\"wp-caption aligncenter\"><img loading=\"lazy\" class=\"size-full wp-image-28\" src=\"https:\/\/orsakvarn.se\/wp-content\/uploads\/2018\/04\/hastskor1.jpg\" alt=\"\" width=\"300\" height=\"188\" \/><figcaption id=\"caption-attachment-28\" class=\"wp-caption-text\">H\u00e4stskor<\/figcaption><\/figure><\/td>\n<\/tr>\n<tr>\n<td>\n<p><figure id=\"attachment_29\" aria-describedby=\"caption-attachment-29\" style=\"width: 300px\" class=\"wp-caption aligncenter\"><img loading=\"lazy\" class=\"size-full wp-image-29\" src=\"https:\/\/orsakvarn.se\/wp-content\/uploads\/2018\/04\/motorsag1.jpg\" alt=\"\" width=\"300\" height=\"339\" srcset=\"https:\/\/orsakvarn.se\/wp-content\/uploads\/2018\/04\/motorsag1.jpg 300w, https:\/\/orsakvarn.se\/wp-content\/uploads\/2018\/04\/motorsag1-265x300.jpg 265w\" sizes=\"(max-width: 300px) 100vw, 300px\" \/><figcaption id=\"caption-attachment-29\" class=\"wp-caption-text\">Motors\u00e5gar &amp; R\u00f6js\u00e5gar<\/figcaption><\/figure><\/td>\n<td>\n<p><figure id=\"attachment_30\" aria-describedby=\"caption-attachment-30\" style=\"width: 300px\" class=\"wp-caption aligncenter\"><img loading=\"lazy\" class=\"size-full wp-image-30\" src=\"https:\/\/orsakvarn.se\/wp-content\/uploads\/2018\/04\/stolp1.jpg\" alt=\"\" width=\"300\" height=\"225\" \/><figcaption id=\"caption-attachment-30\" class=\"wp-caption-text\">St\u00e4ngselstolpar<\/figcaption><\/figure><\/td>\n<\/tr>\n<\/tbody>\n<\/table>\n<p>&nbsp;<\/p>\n","protected":false},"excerpt":{"rendered":"<div class=\"mh-excerpt\"><p><P>Prova oss, vi&nbsp;saluf\u00f6r det mesta ett mindre jordbruk eller du som tr\u00e4dg\u00e5rdsm\u00e4stare kan beh\u00f6va.<\/p>\n<\/div>","protected":false},"author":1,"featured_media":0,"parent":0,"menu_order":0,"comment_status":"closed","ping_status":"closed","template":"","meta":[],"_links":{"self":[{"href":"https:\/\/orsakvarn.se\/index.php\/wp-json\/wp\/v2\/pages\/6"}],"collection":[{"href":"https:\/\/orsakvarn.se\/index.php\/wp-json\/wp\/v2\/pages"}],"about":[{"href":"https:\/\/orsakvarn.se\/index.php\/wp-json\/wp\/v2\/types\/page"}],"author":[{"embeddable":true,"href":"https:\/\/orsakvarn.se\/index.php\/wp-json\/wp\/v2\/users\/1"}],"replies":[{"embeddable":true,"href":"https:\/\/orsakvarn.se\/index.php\/wp-json\/wp\/v2\/comments?post=6"}],"version-history":[{"count":4,"href":"https:\/\/orsakvarn.se\/index.php\/wp-json\/wp\/v2\/pages\/6\/revisions"}],"predecessor-version":[{"id":193,"href":"https:\/\/orsakvarn.se\/index.php\/wp-json\/wp\/v2\/pages\/6\/revisions\/193"}],"wp:attachment":[{"href":"https:\/\/orsakvarn.se\/index.php\/wp-json\/wp\/v2\/media?parent=6"}],"curies":[{"name":"wp","href":"https:\/\/api.w.org\/{rel}","templated":true}]}}