{"id":3,"date":"2011-06-27T16:28:01","date_gmt":"2011-06-27T16:28:01","guid":{"rendered":"http:\/\/wp.orsakvarn.se\/index.php\/fodersortiment-samt-utsade\/"},"modified":"2018-05-28T16:08:05","modified_gmt":"2018-05-28T16:08:05","slug":"fodersortiment-samt-utsade","status":"publish","type":"page","link":"https:\/\/orsakvarn.se\/index.php\/fodersortiment-samt-utsade\/","title":{"rendered":"Fodersortiment samt uts\u00e4de"},"content":{"rendered":"<figure id=\"attachment_18\" aria-describedby=\"caption-attachment-18\" style=\"width: 300px\" class=\"wp-caption alignright\"><img loading=\"lazy\" class=\"size-full wp-image-18\" src=\"https:\/\/orsakvarn.se\/wp-content\/uploads\/2018\/04\/katt_o_hundmat_01.jpg\" alt=\"\" width=\"300\" height=\"271\" \/><figcaption id=\"caption-attachment-18\" class=\"wp-caption-text\">Hund- &amp; kattfoder<\/figcaption><\/figure>\n<figure id=\"attachment_19\" aria-describedby=\"caption-attachment-19\" style=\"width: 300px\" class=\"wp-caption alignright\"><img loading=\"lazy\" class=\"size-full wp-image-19\" src=\"https:\/\/orsakvarn.se\/wp-content\/uploads\/2018\/04\/grove_11.jpg\" alt=\"\" width=\"300\" height=\"214\" \/><figcaption id=\"caption-attachment-19\" class=\"wp-caption-text\">Groov &#8211; Popul\u00e4rt h\u00e4stfoder<\/figcaption><\/figure>\n<p>H\u00e4r hittar du foder till din k\u00e4ra djur allt fr\u00e5n kaniner till kossor.<\/p>\n<p>V\u00e5rt sortiment innerh\u00e5ller inte alla m\u00e4rken men det vi har \u00e4r av h\u00f6gsta kvalitet och till ett mycket bra pris.<\/p>\n<p>Hos oss kan du k\u00f6pa den m\u00e4ngd du vill ha vi har ett mycket stort sortiment av l\u00f6svikts foder.<\/p>\n<p>Under v\u00e5ren hittar du t ex. m\u00e5nga olika sorters s\u00e4tt potatis d\u00e4r du kan k\u00f6pa allt fr\u00e5n en potatis till 25 kg i s\u00e4cken, perfekt f\u00f6r den som vill testa flera olika sorter i tr\u00e4dg\u00e5rdslandet.<\/p>\n<p>&nbsp;<\/p>\n<figure id=\"attachment_22\" aria-describedby=\"caption-attachment-22\" style=\"width: 300px\" class=\"wp-caption alignright\"><img loading=\"lazy\" class=\"wp-image-22 size-full\" src=\"https:\/\/orsakvarn.se\/wp-content\/uploads\/2018\/04\/godsel_11.jpg\" alt=\"\" width=\"300\" height=\"226\" \/><figcaption id=\"caption-attachment-22\" class=\"wp-caption-text\">G\u00f6dsel mm<\/figcaption><\/figure>\n<figure id=\"attachment_21\" aria-describedby=\"caption-attachment-21\" style=\"width: 300px\" class=\"wp-caption alignright\"><img loading=\"lazy\" class=\"size-full wp-image-21\" src=\"https:\/\/orsakvarn.se\/wp-content\/uploads\/2018\/04\/potatis_01.jpg\" alt=\"\" width=\"300\" height=\"172\" \/><figcaption id=\"caption-attachment-21\" class=\"wp-caption-text\">Potatis<\/figcaption><\/figure>\n<figure id=\"attachment_20\" aria-describedby=\"caption-attachment-20\" style=\"width: 300px\" class=\"wp-caption alignright\"><img loading=\"lazy\" class=\"wp-image-20 size-full\" src=\"https:\/\/orsakvarn.se\/wp-content\/uploads\/2018\/04\/hundmat1.jpg\" alt=\"\" width=\"300\" height=\"176\" \/><figcaption id=\"caption-attachment-20\" class=\"wp-caption-text\">Hundfoder<\/figcaption><\/figure>\n<p>&nbsp;<\/p>\n<p>&nbsp;<\/p>\n<p>&nbsp;<\/p>\n<p>&nbsp;<\/p>\n<p>&nbsp;<\/p>\n<p>&nbsp;<\/p>\n","protected":false},"excerpt":{"rendered":"<div class=\"mh-excerpt\"><p><P>[[wysiwyg_imageupload:49:]]H\u00e4r hittar du foder till din k\u00e4ra djur allt fr\u00e5n kaniner till kossor. V\u00e5rt sortiment innerh\u00e5ller inte alla m\u00e4rken men det vi har \u00e4r av h\u00f6gsta kvalitet och till ett mycket bra pris.<\/P><br \/>\n<P>Hos oss kan du k\u00f6pa den m\u00e4ngd du vill ha vi har ett mycket stort sortiment av l\u00f6svikts foder.<\/P><br \/>\n<P>Under v\u00e5ren hittar du t ex.<\/p>\n<\/div>","protected":false},"author":1,"featured_media":0,"parent":0,"menu_order":0,"comment_status":"closed","ping_status":"closed","template":"","meta":[],"_links":{"self":[{"href":"https:\/\/orsakvarn.se\/index.php\/wp-json\/wp\/v2\/pages\/3"}],"collection":[{"href":"https:\/\/orsakvarn.se\/index.php\/wp-json\/wp\/v2\/pages"}],"about":[{"href":"https:\/\/orsakvarn.se\/index.php\/wp-json\/wp\/v2\/types\/page"}],"author":[{"embeddable":true,"href":"https:\/\/orsakvarn.se\/index.php\/wp-json\/wp\/v2\/users\/1"}],"replies":[{"embeddable":true,"href":"https:\/\/orsakvarn.se\/index.php\/wp-json\/wp\/v2\/comments?post=3"}],"version-history":[{"count":17,"href":"https:\/\/orsakvarn.se\/index.php\/wp-json\/wp\/v2\/pages\/3\/revisions"}],"predecessor-version":[{"id":190,"href":"https:\/\/orsakvarn.se\/index.php\/wp-json\/wp\/v2\/pages\/3\/revisions\/190"}],"wp:attachment":[{"href":"https:\/\/orsakvarn.se\/index.php\/wp-json\/wp\/v2\/media?parent=3"}],"curies":[{"name":"wp","href":"https:\/\/api.w.org\/{rel}","templated":true}]}}