{"id":2,"date":"2011-06-27T16:27:03","date_gmt":"2011-06-27T16:27:03","guid":{"rendered":"http:\/\/wp.orsakvarn.se\/index.php\/kontakt-oppettider\/"},"modified":"2018-05-28T16:08:44","modified_gmt":"2018-05-28T16:08:44","slug":"kontakt-oppettider","status":"publish","type":"page","link":"https:\/\/orsakvarn.se\/index.php\/kontakt-oppettider\/","title":{"rendered":"Kontakt &#038; \u00d6ppettider"},"content":{"rendered":"<p><strong><img loading=\"lazy\" class=\"alignright wp-image-44 size-full\" src=\"https:\/\/orsakvarn.se\/wp-content\/uploads\/2018\/04\/ute1.jpg\" alt=\"\" width=\"300\" height=\"221\" \/><\/strong><strong>\u00d6ppettider<\/strong><\/p>\n<p>M\u00e5ndag-fredag: 08.00-17.00, alla helgfria vardagar<br \/>\nLunchst\u00e4ngt: 12.00-13.00<\/p>\n<p><strong>Kontakt<\/strong><br \/>\nButiken: 0250-41330 <a href=\"mailto:info@orsakvarn.se\">info@orsakvarn.se<\/a><br \/>\nJohan Smids 070-6651394 <a href=\"mailto:johan@orsakvarn.se\">johan@orsakvarn.se<\/a><br \/>\nMats Smids 070-5872587 <a href=\"mailto:mats@orsakvarn.se\">mats@orsakvarn.se<\/a><\/p>\n<p><strong>Hitta hit<\/strong><\/p>\n<p>Adress: Klockarv\u00e4gen 794 32 ORSA<br \/>\nMed bil: Fr\u00e5n Orsa, 1km norr mot Sveg, ta v\u00e4nster Borns industriomr\u00e5de.<\/p>\n<p>&nbsp;<\/p>\n","protected":false},"excerpt":{"rendered":"<div class=\"mh-excerpt\"><p><strong>[[wysiwyg_imageupload:10:]]\u00d6ppettider<\/strong><\/p>\n<p>M\u00e5ndag-fredag: 08.00-17.00, alla helgfria vardagar <br \/>Lunchst\u00e4ngt: 12.00-13.00<\/p>\n<p><strong>Kontakt<\/strong> <br \/>Butiken: 0250-41330 <a href=\"mailto:info@orsakvarn.se\">info@orsakvarn.se<\/a> <br \/>Johan Smids 070-6651394 <a href=\"mailto:johan@orsakvarn.se\">johan@orsakvarn.se<\/a> <br \/>Mats Smids 070-5872587 <a href=\"mailto:mats@orsakvarn.se\">mats@orsakvarn.se<\/a><\/p>\n<p><strong>Hitta hit<\/strong><\/p>\n<p>Adress: Klockarv\u00e4gen 794 32 ORSA <br \/>Med bil: Fr\u00e5n Orsa, 1km norr mot Sveg, ta v\u00e4nster Borns industriomr\u00e5de.<\/p>\n<p>&nbsp;<\/p>\n<\/div>","protected":false},"author":1,"featured_media":0,"parent":0,"menu_order":0,"comment_status":"closed","ping_status":"closed","template":"","meta":[],"_links":{"self":[{"href":"https:\/\/orsakvarn.se\/index.php\/wp-json\/wp\/v2\/pages\/2"}],"collection":[{"href":"https:\/\/orsakvarn.se\/index.php\/wp-json\/wp\/v2\/pages"}],"about":[{"href":"https:\/\/orsakvarn.se\/index.php\/wp-json\/wp\/v2\/types\/page"}],"author":[{"embeddable":true,"href":"https:\/\/orsakvarn.se\/index.php\/wp-json\/wp\/v2\/users\/1"}],"replies":[{"embeddable":true,"href":"https:\/\/orsakvarn.se\/index.php\/wp-json\/wp\/v2\/comments?post=2"}],"version-history":[{"count":4,"href":"https:\/\/orsakvarn.se\/index.php\/wp-json\/wp\/v2\/pages\/2\/revisions"}],"predecessor-version":[{"id":192,"href":"https:\/\/orsakvarn.se\/index.php\/wp-json\/wp\/v2\/pages\/2\/revisions\/192"}],"wp:attachment":[{"href":"https:\/\/orsakvarn.se\/index.php\/wp-json\/wp\/v2\/media?parent=2"}],"curies":[{"name":"wp","href":"https:\/\/api.w.org\/{rel}","templated":true}]}}